{"id":5418,"date":"2026-04-15T11:00:08","date_gmt":"2026-04-15T11:00:08","guid":{"rendered":"https:\/\/lej.es\/?page_id=5418"},"modified":"2026-04-15T11:00:09","modified_gmt":"2026-04-15T11:00:09","slug":"politica-de-calidad","status":"publish","type":"page","link":"https:\/\/lej.es\/en\/politica-de-calidad\/","title":{"rendered":"Pol\u00edtica de Calidad"},"content":{"rendered":"<h3>Pol\u00edtica de Calidad<\/h3>\n<p>Desde la fundaci\u00f3n de la empresa en 1983, LEJ AUTOMATIZACI\u00d3N DE FLUIDOS, S.L. se ha convertido en un referente en el sector industrial, concentrando su actividad en el montaje de instalaciones oleo-hidr\u00e1ulicas y neum\u00e1ticas as\u00ed como en el mantenimiento preventivo.<\/p>\n<p>Comercializamos una amplia gama de componentes de las principales marcas del sector, con un stock permanente que nos permite suministrar de una manera r\u00e1pida y eficiente a nuestros clientes.<\/p>\n<p>Disponemos de un equipo cualificado y con amplia experiencia en reparaci\u00f3n de componentes hidr\u00e1ulicos y neum\u00e1ticos, y unas instalaciones que nos permiten reparar y probar el componente en funcionamiento. Con todo ello, nuestra misi\u00f3n es ofrecer a nuestros clientes un servicio r\u00e1pido, eficiente y con la m\u00e1xima calidad.<\/p>\n<p>Conscientes de la necesidad de avanzar e inculcar el proceso de mejora continua, decidimos desarrollar e implantar un Sistema de Gesti\u00f3n seg\u00fan la norma internacional UNE-EN ISO 9001:2015 a fin de aprovechar las ventajas competitivas y de gesti\u00f3n que la implantaci\u00f3n del sistema nos proporciona.<\/p>\n<p>Nuestro prop\u00f3sito es ser una organizaci\u00f3n orientada a la gesti\u00f3n por procesos y an\u00e1lisis de riesgos, para asegurar el control y mejora de estos, la integraci\u00f3n de nuestro personal en su desarrollo y el cumplimiento del compromiso de calidad a fin de buscar la m\u00e1xima satisfacci\u00f3n de nuestros clientes.<\/p>\n<p>Todo esto es debido a que el objetivo permanente de LEJ AUTOMATIZACI\u00d3N DE FLUIDOS, S.L. consiste en impulsar una cultura de mejora continua que promueva el modelo de excelencia empresarial, el cual se desplegar\u00e1 a trav\u00e9s de los objetivos concretos que la direcci\u00f3n establecer\u00e1 y revisar\u00e1 de manera peri\u00f3dica.<\/p>\n<p>Por ello, la Direcci\u00f3n se compromete a liderar y mantener nuestro Sistema de Gesti\u00f3n sobre las siguientes directrices:<\/p>\n<ul>\n<li>El serio compromiso de conocer las necesidades y expectativas de nuestros clientes para lograr su satisfacci\u00f3n.<\/li>\n<li>El compromiso del cumplimiento de la legislaci\u00f3n y reglamentaci\u00f3n aplicable, as\u00ed como de los requisitos que se suscriban.<\/li>\n<li>El compromiso por la revisi\u00f3n continua de las competencias y mejora continua, a fin de garantizar la calidad de los servicios y su capacidad de afrontar los retos crecientes que nos plantean nuestros clientes.<\/li>\n<\/ul>\n<p>Todo nuestro personal acepta el compromiso de mejorar la calidad de los servicios, de los procesos auxiliares de la empresa y desarrollar una conducta medioambiental responsable, dentro de los diferentes puestos de trabajo.<\/p>\n<p>&nbsp;<\/p>","protected":false},"excerpt":{"rendered":"<p>Pol\u00edtica de Calidad Desde la fundaci\u00f3n de la empresa en 1983, LEJ AUTOMATIZACI\u00d3N DE FLUIDOS, S.L. se ha convertido en un referente en el sector industrial, concentrando su actividad en&#8230;<\/p>","protected":false},"author":1,"featured_media":0,"parent":0,"menu_order":0,"comment_status":"closed","ping_status":"open","template":"","meta":{"footnotes":""},"class_list":["post-5418","page","type-page","status-publish"],"_links":{"self":[{"href":"https:\/\/lej.es\/en\/wp-json\/wp\/v2\/pages\/5418","targetHints":{"allow":["GET"]}}],"collection":[{"href":"https:\/\/lej.es\/en\/wp-json\/wp\/v2\/pages"}],"about":[{"href":"https:\/\/lej.es\/en\/wp-json\/wp\/v2\/types\/page"}],"author":[{"embeddable":true,"href":"https:\/\/lej.es\/en\/wp-json\/wp\/v2\/users\/1"}],"replies":[{"embeddable":true,"href":"https:\/\/lej.es\/en\/wp-json\/wp\/v2\/comments?post=5418"}],"version-history":[{"count":1,"href":"https:\/\/lej.es\/en\/wp-json\/wp\/v2\/pages\/5418\/revisions"}],"predecessor-version":[{"id":5419,"href":"https:\/\/lej.es\/en\/wp-json\/wp\/v2\/pages\/5418\/revisions\/5419"}],"wp:attachment":[{"href":"https:\/\/lej.es\/en\/wp-json\/wp\/v2\/media?parent=5418"}],"curies":[{"name":"wp","href":"https:\/\/api.w.org\/{rel}","templated":true}]}}